{"id":883,"date":"2023-05-19T14:06:51","date_gmt":"2023-05-19T12:06:51","guid":{"rendered":"http:\/\/gastrouszczelki.pl\/?page_id=883"},"modified":"2026-02-14T18:53:29","modified_gmt":"2026-02-14T17:53:29","slug":"uszczelka-af-4","status":"publish","type":"page","link":"https:\/\/gastrouszczelki.pl\/index.php\/uszczelka-af-4\/","title":{"rendered":"Uszczelka Af-4"},"content":{"rendered":"\n<ul class=\"wp-block-list\">\n<li>uszczelka magnetyczna szara<\/li>\n\n\n\n<li>do rowka o szeroko\u015bci <strong>3-4<\/strong> mm (wymiar niebieski)<\/li>\n\n\n\n<li>o grubo\u015bci <strong>12,5<\/strong> mm (wymiar czerwony) <\/li>\n<\/ul>\n\n\n\n<figure class=\"wp-block-image size-full\"><img loading=\"lazy\" decoding=\"async\" width=\"800\" height=\"400\" src=\"http:\/\/gastrouszczelki.pl\/wp-content\/uploads\/2023\/04\/Af-4z.jpg\" alt=\"\" class=\"wp-image-876\" srcset=\"https:\/\/gastrouszczelki.pl\/wp-content\/uploads\/2023\/04\/Af-4z.jpg 800w, https:\/\/gastrouszczelki.pl\/wp-content\/uploads\/2023\/04\/Af-4z-350x175.jpg 350w, https:\/\/gastrouszczelki.pl\/wp-content\/uploads\/2023\/04\/Af-4z-300x150.jpg 300w, https:\/\/gastrouszczelki.pl\/wp-content\/uploads\/2023\/04\/Af-4z-768x384.jpg 768w\" sizes=\"auto, (max-width: 767px) 89vw, (max-width: 1000px) 54vw, (max-width: 1071px) 543px, 580px\" \/><\/figure>\n\n\n\n<hr class=\"wp-block-separator has-css-opacity\"\/>\n\n\n\n<div class=\"wp-block-columns are-vertically-aligned-top is-layout-flex wp-container-core-columns-is-layout-9d6595d7 wp-block-columns-is-layout-flex\">\n<div class=\"wp-block-column is-vertically-aligned-top is-layout-flow wp-block-column-is-layout-flow\">\n<p class=\"has-text-align-center\">Uszczelka w odcinku<br>d\u0142ugo\u015b\u0107 250 cm<br><strong><mark style=\"background-color:rgba(0, 0, 0, 0)\" class=\"has-inline-color has-vivid-cyan-blue-color\">113 z\u0142 brutto \/ szt<\/mark><\/strong><\/p>\n<\/div>\n\n\n\n<div class=\"wp-block-column is-vertically-aligned-top is-layout-flow wp-block-column-is-layout-flow\">\n<div class=\"wp-block-buttons is-content-justification-center is-layout-flex wp-container-core-buttons-is-layout-16018d1d wp-block-buttons-is-layout-flex\">\n<div class=\"wp-block-button is-style-outline is-style-outline--1\"><a class=\"wp-block-button__link has-vivid-cyan-blue-color has-text-color wp-element-button\" href=\"https:\/\/1ct.eu\/allj4\"><strong>do koszyka<\/strong><\/a><\/div>\n<\/div>\n<\/div>\n<\/div>\n\n\n\n<hr class=\"wp-block-separator has-css-opacity\"\/>\n\n\n\n<div class=\"wp-block-columns is-layout-flex wp-container-core-columns-is-layout-9d6595d7 wp-block-columns-is-layout-flex\">\n<div class=\"wp-block-column is-vertically-aligned-center is-layout-flow wp-block-column-is-layout-flow\">\n<p class=\"has-text-align-center\">Uszczelka zgrzewana na wymiar<br>o obwodzie do 120 cm (suma 4 bok\u00f3w)<br><strong><mark style=\"background-color:rgba(0, 0, 0, 0)\" class=\"has-inline-color has-vivid-cyan-blue-color\">137 z\u0142 brutto \/ szt<\/mark><\/strong><\/p>\n<\/div>\n\n\n\n<div class=\"wp-block-column is-vertically-aligned-center is-layout-flow wp-block-column-is-layout-flow\">\n<div class=\"wp-block-buttons is-content-justification-center is-layout-flex wp-container-core-buttons-is-layout-16018d1d wp-block-buttons-is-layout-flex\">\n<div class=\"wp-block-button is-style-outline is-style-outline--2\"><a class=\"wp-block-button__link has-vivid-cyan-blue-color has-text-color wp-element-button\" href=\"https:\/\/1ct.eu\/kRR3L\"><strong>do koszyka<\/strong><\/a><\/div>\n<\/div>\n<\/div>\n<\/div>\n\n\n\n<hr class=\"wp-block-separator has-css-opacity\"\/>\n\n\n\n<div class=\"wp-block-columns is-layout-flex wp-container-core-columns-is-layout-9d6595d7 wp-block-columns-is-layout-flex\">\n<div class=\"wp-block-column is-vertically-aligned-center is-layout-flow wp-block-column-is-layout-flow\">\n<p class=\"has-text-align-center\">Uszczelka zgrzewana na wymiar<br>o obwodzie od 121 do 240 cm (suma 4 bok\u00f3w)<br><strong><mark style=\"background-color:rgba(0, 0, 0, 0)\" class=\"has-inline-color has-vivid-cyan-blue-color\">187 z\u0142 brutto \/ szt<\/mark><\/strong><\/p>\n<\/div>\n\n\n\n<div class=\"wp-block-column is-vertically-aligned-center is-layout-flow wp-block-column-is-layout-flow\">\n<div class=\"wp-block-buttons is-content-justification-center is-layout-flex wp-container-core-buttons-is-layout-16018d1d wp-block-buttons-is-layout-flex\">\n<div class=\"wp-block-button is-style-outline is-style-outline--3\"><a class=\"wp-block-button__link has-vivid-cyan-blue-color has-text-color wp-element-button\" href=\"https:\/\/1ct.eu\/Dee62\"><strong>do koszyka<\/strong><\/a><\/div>\n<\/div>\n<\/div>\n<\/div>\n\n\n\n<hr class=\"wp-block-separator has-css-opacity\"\/>\n\n\n\n<div class=\"wp-block-columns is-layout-flex wp-container-core-columns-is-layout-9d6595d7 wp-block-columns-is-layout-flex\">\n<div class=\"wp-block-column is-vertically-aligned-center is-layout-flow wp-block-column-is-layout-flow\">\n<p class=\"has-text-align-center\">Uszczelka zgrzewana na wymiar<br>o obwodzie od 241 do 360 cm (suma 4 bok\u00f3w)<br><strong><mark style=\"background-color:rgba(0, 0, 0, 0)\" class=\"has-inline-color has-vivid-cyan-blue-color\">223 z\u0142 brutto \/ szt<\/mark><\/strong><\/p>\n<\/div>\n\n\n\n<div class=\"wp-block-column is-vertically-aligned-center is-layout-flow wp-block-column-is-layout-flow\">\n<div class=\"wp-block-buttons is-content-justification-center is-layout-flex wp-container-core-buttons-is-layout-16018d1d wp-block-buttons-is-layout-flex\">\n<div class=\"wp-block-button is-style-outline is-style-outline--4\"><a class=\"wp-block-button__link has-vivid-cyan-blue-color has-text-color wp-element-button\" href=\"https:\/\/1ct.eu\/r00Yx\"><strong>do koszyka<\/strong><\/a><\/div>\n<\/div>\n<\/div>\n<\/div>\n\n\n\n<hr class=\"wp-block-separator has-css-opacity\"\/>\n\n\n\n<div class=\"wp-block-columns is-layout-flex wp-container-core-columns-is-layout-9d6595d7 wp-block-columns-is-layout-flex\">\n<div class=\"wp-block-column is-vertically-aligned-center is-layout-flow wp-block-column-is-layout-flow\">\n<p class=\"has-text-align-center\">Uszczelka zgrzewana na wymiar<br>o obwodzie od 361 do 480 cm (suma 4 bok\u00f3w)<br><strong><mark style=\"background-color:rgba(0, 0, 0, 0)\" class=\"has-inline-color has-vivid-cyan-blue-color\">257 z\u0142 brutto \/ szt<\/mark><\/strong><\/p>\n<\/div>\n\n\n\n<div class=\"wp-block-column is-vertically-aligned-center is-layout-flow wp-block-column-is-layout-flow\">\n<div class=\"wp-block-buttons is-content-justification-center is-layout-flex wp-container-core-buttons-is-layout-16018d1d wp-block-buttons-is-layout-flex\">\n<div class=\"wp-block-button is-style-outline is-style-outline--5\"><a class=\"wp-block-button__link has-vivid-cyan-blue-color has-text-color wp-element-button\" href=\"https:\/\/1ct.eu\/VOO06\"><strong>do koszyka<\/strong><\/a><\/div>\n<\/div>\n<\/div>\n<\/div>\n\n\n\n<hr class=\"wp-block-separator has-css-opacity\"\/>\n\n\n\n<div class=\"wp-block-columns is-layout-flex wp-container-core-columns-is-layout-9d6595d7 wp-block-columns-is-layout-flex\">\n<div class=\"wp-block-column is-vertically-aligned-center is-layout-flow wp-block-column-is-layout-flow\">\n<p class=\"has-text-align-center\">Uszczelka zgrzewana na wymiar<br>o obwodzie od 481 do 600 cm (suma 4 bok\u00f3w)<br><strong><mark style=\"background-color:rgba(0, 0, 0, 0)\" class=\"has-inline-color has-vivid-cyan-blue-color\">295 z\u0142 brutto \/ szt<\/mark><\/strong><\/p>\n<\/div>\n\n\n\n<div class=\"wp-block-column is-vertically-aligned-center is-layout-flow wp-block-column-is-layout-flow\">\n<div class=\"wp-block-buttons is-content-justification-center is-layout-flex wp-container-core-buttons-is-layout-16018d1d wp-block-buttons-is-layout-flex\">\n<div class=\"wp-block-button is-style-outline is-style-outline--6\"><a class=\"wp-block-button__link has-vivid-cyan-blue-color has-text-color wp-element-button\" href=\"https:\/\/1ct.eu\/8NN65\"><strong>do koszyka<\/strong><\/a><\/div>\n<\/div>\n<\/div>\n<\/div>\n\n\n\n<hr class=\"wp-block-separator has-css-opacity\"\/>\n\n\n\n<figure class=\"wp-block-image size-large\"><img loading=\"lazy\" decoding=\"async\" width=\"1024\" height=\"512\" src=\"https:\/\/gastrouszczelki.pl\/wp-content\/uploads\/2023\/11\/Af-4-e1700130902312-1024x512.jpg\" alt=\"\" class=\"wp-image-1106\" srcset=\"https:\/\/gastrouszczelki.pl\/wp-content\/uploads\/2023\/11\/Af-4-e1700130902312-1024x512.jpg 1024w, https:\/\/gastrouszczelki.pl\/wp-content\/uploads\/2023\/11\/Af-4-e1700130902312-350x175.jpg 350w, https:\/\/gastrouszczelki.pl\/wp-content\/uploads\/2023\/11\/Af-4-e1700130902312-300x150.jpg 300w, https:\/\/gastrouszczelki.pl\/wp-content\/uploads\/2023\/11\/Af-4-e1700130902312-768x384.jpg 768w, https:\/\/gastrouszczelki.pl\/wp-content\/uploads\/2023\/11\/Af-4-e1700130902312.jpg 1200w\" sizes=\"auto, (max-width: 767px) 89vw, (max-width: 1000px) 54vw, (max-width: 1071px) 543px, 580px\" \/><\/figure>\n","protected":false},"excerpt":{"rendered":"<p>Uszczelka w odcinkud\u0142ugo\u015b\u0107 250 cm113 z\u0142 brutto \/ szt Uszczelka zgrzewana na wymiaro obwodzie do 120 cm (suma 4 bok\u00f3w)137 z\u0142 brutto \/ szt Uszczelka zgrzewana na wymiaro obwodzie od 121 do 240 cm (suma 4 bok\u00f3w)187 z\u0142 brutto \/ szt Uszczelka zgrzewana na wymiaro obwodzie od 241 do 360 cm (suma 4 bok\u00f3w)223 z\u0142 &hellip; <\/p>\n<p class=\"link-more\"><a href=\"https:\/\/gastrouszczelki.pl\/index.php\/uszczelka-af-4\/\" class=\"more-link\">Czytaj dalej<span class=\"screen-reader-text\"> \u201eUszczelka Af-4\u201d<\/span><\/a><\/p>\n","protected":false},"author":1,"featured_media":0,"parent":0,"menu_order":0,"comment_status":"closed","ping_status":"closed","template":"","meta":{"footnotes":""},"class_list":["post-883","page","type-page","status-publish","hentry"],"_links":{"self":[{"href":"https:\/\/gastrouszczelki.pl\/index.php\/wp-json\/wp\/v2\/pages\/883","targetHints":{"allow":["GET"]}}],"collection":[{"href":"https:\/\/gastrouszczelki.pl\/index.php\/wp-json\/wp\/v2\/pages"}],"about":[{"href":"https:\/\/gastrouszczelki.pl\/index.php\/wp-json\/wp\/v2\/types\/page"}],"author":[{"embeddable":true,"href":"https:\/\/gastrouszczelki.pl\/index.php\/wp-json\/wp\/v2\/users\/1"}],"replies":[{"embeddable":true,"href":"https:\/\/gastrouszczelki.pl\/index.php\/wp-json\/wp\/v2\/comments?post=883"}],"version-history":[{"count":12,"href":"https:\/\/gastrouszczelki.pl\/index.php\/wp-json\/wp\/v2\/pages\/883\/revisions"}],"predecessor-version":[{"id":1475,"href":"https:\/\/gastrouszczelki.pl\/index.php\/wp-json\/wp\/v2\/pages\/883\/revisions\/1475"}],"wp:attachment":[{"href":"https:\/\/gastrouszczelki.pl\/index.php\/wp-json\/wp\/v2\/media?parent=883"}],"curies":[{"name":"wp","href":"https:\/\/api.w.org\/{rel}","templated":true}]}}