{"id":78,"date":"2020-02-18T08:46:40","date_gmt":"2020-02-18T07:46:40","guid":{"rendered":"http:\/\/gastrouszczelki.pl\/?page_id=78"},"modified":"2024-05-17T08:40:05","modified_gmt":"2024-05-17T06:40:05","slug":"uszczelki-na-zamowienie","status":"publish","type":"page","link":"https:\/\/gastrouszczelki.pl\/index.php\/uszczelki-na-zamowienie\/","title":{"rendered":"Uszczelki nietypowe"},"content":{"rendered":"\n<p>Opr\u00f3cz standardowych uszczelek dost\u0119pnych w naszym <strong>sklepie<\/strong>, oferujemy uszczelki nietypowe, w celu ich zam\u00f3wienia prosz\u0119 o kontakt.<\/p>\n\n\n\n<div class=\"wp-block-buttons is-layout-flex wp-block-buttons-is-layout-flex\">\n<div class=\"wp-block-button is-style-outline is-style-outline--1\"><a class=\"wp-block-button__link wp-element-button\" href=\"https:\/\/gastrouszczelki.pl\/index.php\/uszczelki-do-chlodni\/\">Uszczelki do ch\u0142odni<\/a><\/div>\n\n\n\n<div class=\"wp-block-button is-style-outline is-style-outline--2\"><a class=\"wp-block-button__link wp-element-button\" href=\"https:\/\/gastrouszczelki.pl\/index.php\/uszczelki-nietypowe\/\">Uszczelki magnetyczne<\/a><\/div>\n<\/div>\n\n\n\n<p><\/p>\n","protected":false},"excerpt":{"rendered":"<p>Opr\u00f3cz standardowych uszczelek dost\u0119pnych w naszym sklepie, oferujemy uszczelki nietypowe, w celu ich zam\u00f3wienia prosz\u0119 o kontakt.<\/p>\n","protected":false},"author":1,"featured_media":0,"parent":0,"menu_order":0,"comment_status":"closed","ping_status":"closed","template":"","meta":{"footnotes":""},"class_list":["post-78","page","type-page","status-publish","hentry"],"_links":{"self":[{"href":"https:\/\/gastrouszczelki.pl\/index.php\/wp-json\/wp\/v2\/pages\/78","targetHints":{"allow":["GET"]}}],"collection":[{"href":"https:\/\/gastrouszczelki.pl\/index.php\/wp-json\/wp\/v2\/pages"}],"about":[{"href":"https:\/\/gastrouszczelki.pl\/index.php\/wp-json\/wp\/v2\/types\/page"}],"author":[{"embeddable":true,"href":"https:\/\/gastrouszczelki.pl\/index.php\/wp-json\/wp\/v2\/users\/1"}],"replies":[{"embeddable":true,"href":"https:\/\/gastrouszczelki.pl\/index.php\/wp-json\/wp\/v2\/comments?post=78"}],"version-history":[{"count":65,"href":"https:\/\/gastrouszczelki.pl\/index.php\/wp-json\/wp\/v2\/pages\/78\/revisions"}],"predecessor-version":[{"id":1335,"href":"https:\/\/gastrouszczelki.pl\/index.php\/wp-json\/wp\/v2\/pages\/78\/revisions\/1335"}],"wp:attachment":[{"href":"https:\/\/gastrouszczelki.pl\/index.php\/wp-json\/wp\/v2\/media?parent=78"}],"curies":[{"name":"wp","href":"https:\/\/api.w.org\/{rel}","templated":true}]}}