{"id":770,"date":"2021-03-08T16:36:48","date_gmt":"2021-03-08T15:36:48","guid":{"rendered":"http:\/\/gastrouszczelki.pl\/?page_id=770"},"modified":"2026-01-28T17:07:18","modified_gmt":"2026-01-28T16:07:18","slug":"warunki-sprzedazy","status":"publish","type":"page","link":"https:\/\/gastrouszczelki.pl\/index.php\/warunki-sprzedazy\/","title":{"rendered":"Warunki sprzeda\u017cy"},"content":{"rendered":"\n<p>Zam\u00f3wienia na uszczelki zgrzewane realizujemy w czasie <strong>2-5 dni<\/strong> roboczych<br><\/p>\n\n\n\n<hr class=\"wp-block-separator has-alpha-channel-opacity\"\/>\n\n\n\n<p>P\u0142atno\u015bci realizowane s\u0105 za po\u015brednictwem<\/p>\n\n\n\n<figure class=\"wp-block-image size-full is-resized\"><img loading=\"lazy\" decoding=\"async\" width=\"768\" height=\"90\" src=\"https:\/\/gastrouszczelki.pl\/wp-content\/uploads\/2023\/12\/768x90-bank.png\" alt=\"\" class=\"wp-image-1301\" style=\"width:602px;height:auto\" srcset=\"https:\/\/gastrouszczelki.pl\/wp-content\/uploads\/2023\/12\/768x90-bank.png 768w, https:\/\/gastrouszczelki.pl\/wp-content\/uploads\/2023\/12\/768x90-bank-300x35.png 300w\" sizes=\"auto, (max-width: 767px) 89vw, (max-width: 1000px) 54vw, (max-width: 1071px) 543px, 580px\" \/><\/figure>\n\n\n\n<hr class=\"wp-block-separator has-alpha-channel-opacity\"\/>\n\n\n\n<p class=\"has-text-align-left\">Uszczelki wysy\u0142amy od <strong>poniedzia\u0142ku do czwartku<\/strong> (w pi\u0105tek nie wysy\u0142amy) <br>za po\u015brednictwem firmy kurierskiej        <img loading=\"lazy\" decoding=\"async\" width=\"100\" height=\"66\" class=\"wp-image-799\" style=\"width: 100px;\" src=\"http:\/\/gastrouszczelki.pl\/wp-content\/uploads\/2021\/03\/dpd-ok-1-e1684408935341.jpg\" alt=\"\"><br>z dostaw\u0105 <strong>na adres<\/strong> lub do punku <strong>Pickup<\/strong> (prosz\u0119 o tak\u0105 informacj\u0119 w wiadomo\u015bci)<\/p>\n\n\n\n<p><strong>Po otrzymaniu przesy\u0142ki, nale\u017cy niezw\u0142ocznie wyj\u0105\u0107 uszczelki z opakowania i je roz\u0142o\u017cy\u0107<\/strong><\/p>\n\n\n\n<hr class=\"wp-block-separator has-alpha-channel-opacity\"\/>\n\n\n\n<p>Na uszczelki udzielamy gwarancji producenta <br><strong>12<\/strong> miesi\u0119cy dla przedsi\u0119biorc\u00f3w<br><strong>24<\/strong> miesi\u0105ce dla konsument\u00f3w<\/p>\n\n\n\n<p><\/p>\n","protected":false},"excerpt":{"rendered":"<p>Zam\u00f3wienia na uszczelki zgrzewane realizujemy w czasie 2-5 dni roboczych P\u0142atno\u015bci realizowane s\u0105 za po\u015brednictwem Uszczelki wysy\u0142amy od poniedzia\u0142ku do czwartku (w pi\u0105tek nie wysy\u0142amy) za po\u015brednictwem firmy kurierskiej z dostaw\u0105 na adres lub do punku Pickup (prosz\u0119 o tak\u0105 informacj\u0119 w wiadomo\u015bci) Po otrzymaniu przesy\u0142ki, nale\u017cy niezw\u0142ocznie wyj\u0105\u0107 uszczelki z opakowania i je roz\u0142o\u017cy\u0107 &hellip; <\/p>\n<p class=\"link-more\"><a href=\"https:\/\/gastrouszczelki.pl\/index.php\/warunki-sprzedazy\/\" class=\"more-link\">Czytaj dalej<span class=\"screen-reader-text\"> \u201eWarunki sprzeda\u017cy\u201d<\/span><\/a><\/p>\n","protected":false},"author":1,"featured_media":0,"parent":0,"menu_order":0,"comment_status":"closed","ping_status":"closed","template":"","meta":{"footnotes":""},"class_list":["post-770","page","type-page","status-publish","hentry"],"_links":{"self":[{"href":"https:\/\/gastrouszczelki.pl\/index.php\/wp-json\/wp\/v2\/pages\/770","targetHints":{"allow":["GET"]}}],"collection":[{"href":"https:\/\/gastrouszczelki.pl\/index.php\/wp-json\/wp\/v2\/pages"}],"about":[{"href":"https:\/\/gastrouszczelki.pl\/index.php\/wp-json\/wp\/v2\/types\/page"}],"author":[{"embeddable":true,"href":"https:\/\/gastrouszczelki.pl\/index.php\/wp-json\/wp\/v2\/users\/1"}],"replies":[{"embeddable":true,"href":"https:\/\/gastrouszczelki.pl\/index.php\/wp-json\/wp\/v2\/comments?post=770"}],"version-history":[{"count":40,"href":"https:\/\/gastrouszczelki.pl\/index.php\/wp-json\/wp\/v2\/pages\/770\/revisions"}],"predecessor-version":[{"id":1470,"href":"https:\/\/gastrouszczelki.pl\/index.php\/wp-json\/wp\/v2\/pages\/770\/revisions\/1470"}],"wp:attachment":[{"href":"https:\/\/gastrouszczelki.pl\/index.php\/wp-json\/wp\/v2\/media?parent=770"}],"curies":[{"name":"wp","href":"https:\/\/api.w.org\/{rel}","templated":true}]}}