{"id":49,"date":"2020-02-17T18:09:51","date_gmt":"2020-02-17T17:09:51","guid":{"rendered":"http:\/\/gastrouszczelki.pl\/?page_id=49"},"modified":"2023-05-18T12:57:46","modified_gmt":"2023-05-18T10:57:46","slug":"instrukcja","status":"publish","type":"page","link":"https:\/\/gastrouszczelki.pl\/index.php\/instrukcja\/","title":{"rendered":"Instrukcja"},"content":{"rendered":"\n<p class=\"has-medium-font-size\"><strong>Kilka praktycznych informacji jak dobra\u0107 odpowiedni\u0105 uszczelk\u0119.<\/strong><\/p>\n\n\n\n<div class=\"wp-block-media-text alignwide\" style=\"grid-template-columns:40% auto\"><figure class=\"wp-block-media-text__media\"><img loading=\"lazy\" decoding=\"async\" width=\"987\" height=\"1024\" src=\"http:\/\/gastrouszczelki.pl\/wp-content\/uploads\/2020\/02\/IMG-8606-987x1024.jpg\" alt=\"\" class=\"wp-image-50 size-full\" srcset=\"https:\/\/gastrouszczelki.pl\/wp-content\/uploads\/2020\/02\/IMG-8606-987x1024.jpg 987w, https:\/\/gastrouszczelki.pl\/wp-content\/uploads\/2020\/02\/IMG-8606-350x363.jpg 350w, https:\/\/gastrouszczelki.pl\/wp-content\/uploads\/2020\/02\/IMG-8606-289x300.jpg 289w, https:\/\/gastrouszczelki.pl\/wp-content\/uploads\/2020\/02\/IMG-8606-768x797.jpg 768w, https:\/\/gastrouszczelki.pl\/wp-content\/uploads\/2020\/02\/IMG-8606.jpg 1814w\" sizes=\"auto, (max-width: 767px) 89vw, (max-width: 1000px) 54vw, (max-width: 1071px) 543px, 580px\" \/><\/figure><div class=\"wp-block-media-text__content\">\n<p class=\"has-medium-font-size\"><strong>PRZEKR\u00d3J USZCZELKI<\/strong><\/p>\n\n\n\n<p class=\"has-medium-font-size\">Aby poprawnie dobra\u0107 uszczelk\u0119 najlepiej przeci\u0105\u0107 w poprzek star\u0105 uszczelk\u0119 i zobaczy\u0107 jaki ma przekr\u00f3j. <\/p>\n<\/div><\/div>\n\n\n\n<div class=\"wp-block-media-text alignwide has-media-on-the-right\" style=\"grid-template-columns:auto 41%\"><div class=\"wp-block-media-text__content\">\n<p class=\"has-medium-font-size\"><strong>GRUBO\u015a\u0106&nbsp;USZCZELKI<\/strong><\/p>\n\n\n\n<p class=\"has-medium-font-size\">Grubo\u015b\u0107 uszczelki mo\u017cna zmierzy\u0107 mi\u0119dzy lod\u00f3wk\u0105 a zamkni\u0119tymi drzwiami od strony zawias\u00f3w, jest to najpewniejszy pomiar zw\u0142aszcza w przypadku zniszczonej uszczelki. Wymiar koloru czerwonego.<\/p>\n<\/div><figure class=\"wp-block-media-text__media\"><img loading=\"lazy\" decoding=\"async\" width=\"1024\" height=\"1024\" src=\"http:\/\/gastrouszczelki.pl\/wp-content\/uploads\/2020\/02\/IMG-8613a-1024x1024.jpg\" alt=\"\" class=\"wp-image-51 size-full\"\/><\/figure><\/div>\n\n\n\n<div class=\"wp-block-media-text alignwide\" style=\"grid-template-columns:38% auto\"><figure class=\"wp-block-media-text__media\"><img loading=\"lazy\" decoding=\"async\" width=\"1024\" height=\"1024\" src=\"http:\/\/gastrouszczelki.pl\/wp-content\/uploads\/2020\/02\/IMG-8606a-1024x1024.jpg\" alt=\"\" class=\"wp-image-97 size-full\" srcset=\"https:\/\/gastrouszczelki.pl\/wp-content\/uploads\/2020\/02\/IMG-8606a-1024x1024.jpg 1024w, https:\/\/gastrouszczelki.pl\/wp-content\/uploads\/2020\/02\/IMG-8606a-250x250.jpg 250w, https:\/\/gastrouszczelki.pl\/wp-content\/uploads\/2020\/02\/IMG-8606a-100x100.jpg 100w, https:\/\/gastrouszczelki.pl\/wp-content\/uploads\/2020\/02\/IMG-8606a-350x350.jpg 350w, https:\/\/gastrouszczelki.pl\/wp-content\/uploads\/2020\/02\/IMG-8606a-150x150.jpg 150w, https:\/\/gastrouszczelki.pl\/wp-content\/uploads\/2020\/02\/IMG-8606a-300x300.jpg 300w, https:\/\/gastrouszczelki.pl\/wp-content\/uploads\/2020\/02\/IMG-8606a-768x768.jpg 768w, https:\/\/gastrouszczelki.pl\/wp-content\/uploads\/2020\/02\/IMG-8606a.jpg 1639w\" sizes=\"auto, (max-width: 767px) 89vw, (max-width: 1000px) 54vw, (max-width: 1071px) 543px, 580px\" \/><\/figure><div class=\"wp-block-media-text__content\">\n<p class=\"has-medium-font-size\"><strong>SZEROKO\u015a\u0106 ROWKA<\/strong><\/p>\n\n\n\n<p class=\"has-medium-font-size\">Dla uszczelek wciskanych decyduj\u0105ca jest szeroko\u015b\u0107 rowka monta\u017cowego. Wymiar koloru niebieskiego.<\/p>\n<\/div><\/div>\n\n\n\n<div class=\"wp-block-media-text alignwide has-media-on-the-right\"><div class=\"wp-block-media-text__content\">\n<p class=\"has-medium-font-size\"><strong>WIELKO\u015a\u0106 RAMKI\u00a0<\/strong><br>Dla uszczelek zgrzewanych w ramk\u0119 nale\u017cy poda\u0107 ich wymiar<\/p>\n\n\n\n<hr class=\"wp-block-separator has-alpha-channel-opacity\"\/>\n\n\n\n<p class=\"has-medium-font-size\"><strong>Uszczelki\u00a0wciskane<\/strong><br>wymiary w osi mocowania, czyli od \u015brodka do \u015brodka rowka gdzie wciska si\u0119 uszczelk\u0119 wg rysunku (wymiar A i B)<\/p>\n\n\n\n<hr class=\"wp-block-separator has-alpha-channel-opacity\"\/>\n\n\n\n<p class=\"has-medium-font-size\"><strong>Uszczelki przykr\u0119cane<\/strong><br>wymiary zewn\u0119trzne uszczelki <\/p>\n<\/div><figure class=\"wp-block-media-text__media\"><img loading=\"lazy\" decoding=\"async\" width=\"690\" height=\"907\" src=\"http:\/\/gastrouszczelki.pl\/wp-content\/uploads\/2021\/02\/AxB1.jpg\" alt=\"\" class=\"wp-image-666 size-full\" srcset=\"https:\/\/gastrouszczelki.pl\/wp-content\/uploads\/2021\/02\/AxB1.jpg 690w, https:\/\/gastrouszczelki.pl\/wp-content\/uploads\/2021\/02\/AxB1-350x460.jpg 350w, https:\/\/gastrouszczelki.pl\/wp-content\/uploads\/2021\/02\/AxB1-228x300.jpg 228w\" sizes=\"auto, (max-width: 690px) 100vw, 690px\" \/><\/figure><\/div>\n","protected":false},"excerpt":{"rendered":"<p>Kilka praktycznych informacji jak dobra\u0107 odpowiedni\u0105 uszczelk\u0119. PRZEKR\u00d3J USZCZELKI Aby poprawnie dobra\u0107 uszczelk\u0119 najlepiej przeci\u0105\u0107 w poprzek star\u0105 uszczelk\u0119 i zobaczy\u0107 jaki ma przekr\u00f3j. GRUBO\u015a\u0106&nbsp;USZCZELKI Grubo\u015b\u0107 uszczelki mo\u017cna zmierzy\u0107 mi\u0119dzy lod\u00f3wk\u0105 a zamkni\u0119tymi drzwiami od strony zawias\u00f3w, jest to najpewniejszy pomiar zw\u0142aszcza w przypadku zniszczonej uszczelki. Wymiar koloru czerwonego. SZEROKO\u015a\u0106 ROWKA Dla uszczelek wciskanych decyduj\u0105ca &hellip; <\/p>\n<p class=\"link-more\"><a href=\"https:\/\/gastrouszczelki.pl\/index.php\/instrukcja\/\" class=\"more-link\">Czytaj dalej<span class=\"screen-reader-text\"> \u201eInstrukcja\u201d<\/span><\/a><\/p>\n","protected":false},"author":1,"featured_media":0,"parent":0,"menu_order":0,"comment_status":"closed","ping_status":"closed","template":"","meta":{"footnotes":""},"class_list":["post-49","page","type-page","status-publish","hentry"],"_links":{"self":[{"href":"https:\/\/gastrouszczelki.pl\/index.php\/wp-json\/wp\/v2\/pages\/49","targetHints":{"allow":["GET"]}}],"collection":[{"href":"https:\/\/gastrouszczelki.pl\/index.php\/wp-json\/wp\/v2\/pages"}],"about":[{"href":"https:\/\/gastrouszczelki.pl\/index.php\/wp-json\/wp\/v2\/types\/page"}],"author":[{"embeddable":true,"href":"https:\/\/gastrouszczelki.pl\/index.php\/wp-json\/wp\/v2\/users\/1"}],"replies":[{"embeddable":true,"href":"https:\/\/gastrouszczelki.pl\/index.php\/wp-json\/wp\/v2\/comments?post=49"}],"version-history":[{"count":45,"href":"https:\/\/gastrouszczelki.pl\/index.php\/wp-json\/wp\/v2\/pages\/49\/revisions"}],"predecessor-version":[{"id":933,"href":"https:\/\/gastrouszczelki.pl\/index.php\/wp-json\/wp\/v2\/pages\/49\/revisions\/933"}],"wp:attachment":[{"href":"https:\/\/gastrouszczelki.pl\/index.php\/wp-json\/wp\/v2\/media?parent=49"}],"curies":[{"name":"wp","href":"https:\/\/api.w.org\/{rel}","templated":true}]}}