{"id":189,"date":"2020-02-18T13:39:00","date_gmt":"2020-02-18T12:39:00","guid":{"rendered":"http:\/\/gastrouszczelki.pl\/?page_id=189"},"modified":"2021-02-16T08:46:22","modified_gmt":"2021-02-16T07:46:22","slug":"uszczelki-nietypowe","status":"publish","type":"page","link":"https:\/\/gastrouszczelki.pl\/index.php\/uszczelki-nietypowe\/","title":{"rendered":"Uszczelki nietypowe"},"content":{"rendered":"\n<p class=\"has-medium-font-size\">Mo\u017cemy dobra\u0107 prawie ka\u017cd\u0105 uszczelk\u0119, wystarczy przes\u0142a\u0107 do nas:<\/p>\n\n\n\n<ul class=\"wp-block-list\"><li>zdj\u0119cie przekroju starej uszczelki<\/li><li>wymiar grubo\u015bci uszczelki<\/li><li>wymiar szeroko\u015bci rowka pod uszczelk\u0119 wciskan\u0105<\/li><li>wymiary ramki lub d\u0142ugo\u015b\u0107 uszczelki<\/li><li>informacj\u0119 w jakich warunkach pracuje uszczelka<\/li><\/ul>\n\n\n\n<p class=\"has-medium-font-size\">Pomoc znajduje si\u0119 w zak\u0142adce <strong>INSTRUKCJA<\/strong><\/p>\n\n\n\n<figure class=\"wp-block-image\"><img loading=\"lazy\" decoding=\"async\" width=\"1024\" height=\"768\" src=\"http:\/\/gastrouszczelki.pl\/wp-content\/uploads\/2020\/02\/20191004_A-1024x768.jpg\" alt=\"\" class=\"wp-image-7\" srcset=\"https:\/\/gastrouszczelki.pl\/wp-content\/uploads\/2020\/02\/20191004_A-1024x768.jpg 1024w, https:\/\/gastrouszczelki.pl\/wp-content\/uploads\/2020\/02\/20191004_A-350x263.jpg 350w, https:\/\/gastrouszczelki.pl\/wp-content\/uploads\/2020\/02\/20191004_A-300x225.jpg 300w, https:\/\/gastrouszczelki.pl\/wp-content\/uploads\/2020\/02\/20191004_A-768x576.jpg 768w, https:\/\/gastrouszczelki.pl\/wp-content\/uploads\/2020\/02\/20191004_A.jpg 2000w\" sizes=\"auto, (max-width: 767px) 89vw, (max-width: 1000px) 54vw, (max-width: 1071px) 543px, 580px\" \/><\/figure>\n","protected":false},"excerpt":{"rendered":"<p>Mo\u017cemy dobra\u0107 prawie ka\u017cd\u0105 uszczelk\u0119, wystarczy przes\u0142a\u0107 do nas: zdj\u0119cie przekroju starej uszczelki wymiar grubo\u015bci uszczelki wymiar szeroko\u015bci rowka pod uszczelk\u0119 wciskan\u0105 wymiary ramki lub d\u0142ugo\u015b\u0107 uszczelki informacj\u0119 w jakich warunkach pracuje uszczelka Pomoc znajduje si\u0119 w zak\u0142adce INSTRUKCJA<\/p>\n","protected":false},"author":1,"featured_media":0,"parent":0,"menu_order":0,"comment_status":"closed","ping_status":"closed","template":"","meta":{"footnotes":""},"class_list":["post-189","page","type-page","status-publish","hentry"],"_links":{"self":[{"href":"https:\/\/gastrouszczelki.pl\/index.php\/wp-json\/wp\/v2\/pages\/189","targetHints":{"allow":["GET"]}}],"collection":[{"href":"https:\/\/gastrouszczelki.pl\/index.php\/wp-json\/wp\/v2\/pages"}],"about":[{"href":"https:\/\/gastrouszczelki.pl\/index.php\/wp-json\/wp\/v2\/types\/page"}],"author":[{"embeddable":true,"href":"https:\/\/gastrouszczelki.pl\/index.php\/wp-json\/wp\/v2\/users\/1"}],"replies":[{"embeddable":true,"href":"https:\/\/gastrouszczelki.pl\/index.php\/wp-json\/wp\/v2\/comments?post=189"}],"version-history":[{"count":10,"href":"https:\/\/gastrouszczelki.pl\/index.php\/wp-json\/wp\/v2\/pages\/189\/revisions"}],"predecessor-version":[{"id":638,"href":"https:\/\/gastrouszczelki.pl\/index.php\/wp-json\/wp\/v2\/pages\/189\/revisions\/638"}],"wp:attachment":[{"href":"https:\/\/gastrouszczelki.pl\/index.php\/wp-json\/wp\/v2\/media?parent=189"}],"curies":[{"name":"wp","href":"https:\/\/api.w.org\/{rel}","templated":true}]}}