{"id":174,"date":"2020-02-18T13:19:55","date_gmt":"2020-02-18T12:19:55","guid":{"rendered":"http:\/\/gastrouszczelki.pl\/?page_id=174"},"modified":"2023-05-23T13:14:34","modified_gmt":"2023-05-23T11:14:34","slug":"uszczelki-do-chlodni","status":"publish","type":"page","link":"https:\/\/gastrouszczelki.pl\/index.php\/uszczelki-do-chlodni\/","title":{"rendered":"Uszczelki do ch\u0142odni"},"content":{"rendered":"\n<p class=\"has-large-font-size\">Uszczelki PVC z elastomerem<\/p>\n\n\n\n<ul class=\"wp-block-list\">\n<li>Zakres pracy do -50 stopni C <\/li>\n\n\n\n<li>Chemoodporna i olejoodporna<\/li>\n\n\n\n<li>Wyst\u0119puj\u0105 w kolorze bia\u0142ym, szarym lub czarnym<\/li>\n<\/ul>\n\n\n\n<figure class=\"wp-block-gallery has-nested-images columns-4 is-cropped wp-block-gallery-1 is-layout-flex wp-block-gallery-is-layout-flex\">\n<figure class=\"wp-block-image is-style-default\"><img loading=\"lazy\" decoding=\"async\" width=\"337\" height=\"325\" data-id=\"313\" src=\"http:\/\/gastrouszczelki.pl\/wp-content\/uploads\/2020\/02\/Pu-1-2.jpg\" alt=\"\" class=\"wp-image-313\" srcset=\"https:\/\/gastrouszczelki.pl\/wp-content\/uploads\/2020\/02\/Pu-1-2.jpg 337w, https:\/\/gastrouszczelki.pl\/wp-content\/uploads\/2020\/02\/Pu-1-2-300x289.jpg 300w\" sizes=\"auto, (max-width: 337px) 100vw, 337px\" \/><figcaption class=\"wp-element-caption\">Pu &#8211; 1<\/figcaption><\/figure>\n\n\n\n<figure class=\"wp-block-image\"><img loading=\"lazy\" decoding=\"async\" width=\"807\" height=\"832\" data-id=\"292\" src=\"http:\/\/gastrouszczelki.pl\/wp-content\/uploads\/2020\/02\/Pu-2.jpg\" alt=\"\" class=\"wp-image-292\" srcset=\"https:\/\/gastrouszczelki.pl\/wp-content\/uploads\/2020\/02\/Pu-2.jpg 807w, https:\/\/gastrouszczelki.pl\/wp-content\/uploads\/2020\/02\/Pu-2-350x361.jpg 350w, https:\/\/gastrouszczelki.pl\/wp-content\/uploads\/2020\/02\/Pu-2-291x300.jpg 291w, https:\/\/gastrouszczelki.pl\/wp-content\/uploads\/2020\/02\/Pu-2-768x792.jpg 768w\" sizes=\"auto, (max-width: 767px) 89vw, (max-width: 1000px) 54vw, (max-width: 1071px) 543px, 580px\" \/><figcaption class=\"wp-element-caption\">Pu &#8211; 2<\/figcaption><\/figure>\n\n\n\n<figure class=\"wp-block-image\"><img loading=\"lazy\" decoding=\"async\" width=\"502\" height=\"510\" data-id=\"293\" src=\"http:\/\/gastrouszczelki.pl\/wp-content\/uploads\/2020\/02\/Pu-3.jpg\" alt=\"\" class=\"wp-image-293\" srcset=\"https:\/\/gastrouszczelki.pl\/wp-content\/uploads\/2020\/02\/Pu-3.jpg 502w, https:\/\/gastrouszczelki.pl\/wp-content\/uploads\/2020\/02\/Pu-3-350x356.jpg 350w, https:\/\/gastrouszczelki.pl\/wp-content\/uploads\/2020\/02\/Pu-3-295x300.jpg 295w\" sizes=\"auto, (max-width: 502px) 100vw, 502px\" \/><figcaption class=\"wp-element-caption\">Pu &#8211; 3<\/figcaption><\/figure>\n\n\n\n<figure class=\"wp-block-image\"><img loading=\"lazy\" decoding=\"async\" width=\"573\" height=\"535\" data-id=\"298\" src=\"http:\/\/gastrouszczelki.pl\/wp-content\/uploads\/2020\/02\/Pu-4-1.jpg\" alt=\"\" class=\"wp-image-298\" srcset=\"https:\/\/gastrouszczelki.pl\/wp-content\/uploads\/2020\/02\/Pu-4-1.jpg 573w, https:\/\/gastrouszczelki.pl\/wp-content\/uploads\/2020\/02\/Pu-4-1-350x327.jpg 350w, https:\/\/gastrouszczelki.pl\/wp-content\/uploads\/2020\/02\/Pu-4-1-300x280.jpg 300w\" sizes=\"auto, (max-width: 573px) 100vw, 573px\" \/><figcaption class=\"wp-element-caption\">Pu &#8211; 4<\/figcaption><\/figure>\n<\/figure>\n\n\n\n<figure class=\"wp-block-gallery has-nested-images columns-4 wp-block-gallery-2 is-layout-flex wp-block-gallery-is-layout-flex\">\n<figure class=\"wp-block-image\"><img loading=\"lazy\" decoding=\"async\" width=\"551\" height=\"488\" data-id=\"301\" src=\"http:\/\/gastrouszczelki.pl\/wp-content\/uploads\/2020\/02\/Pu-5.jpg\" alt=\"\" class=\"wp-image-301\" srcset=\"https:\/\/gastrouszczelki.pl\/wp-content\/uploads\/2020\/02\/Pu-5.jpg 551w, https:\/\/gastrouszczelki.pl\/wp-content\/uploads\/2020\/02\/Pu-5-350x310.jpg 350w, https:\/\/gastrouszczelki.pl\/wp-content\/uploads\/2020\/02\/Pu-5-300x266.jpg 300w\" sizes=\"auto, (max-width: 551px) 100vw, 551px\" \/><figcaption class=\"wp-element-caption\">Pu &#8211; 5<\/figcaption><\/figure>\n\n\n\n<figure class=\"wp-block-image\"><img loading=\"lazy\" decoding=\"async\" width=\"439\" height=\"409\" data-id=\"315\" src=\"http:\/\/gastrouszczelki.pl\/wp-content\/uploads\/2020\/02\/Pu-6-1.jpg\" alt=\"\" class=\"wp-image-315\" srcset=\"https:\/\/gastrouszczelki.pl\/wp-content\/uploads\/2020\/02\/Pu-6-1.jpg 439w, https:\/\/gastrouszczelki.pl\/wp-content\/uploads\/2020\/02\/Pu-6-1-350x326.jpg 350w, https:\/\/gastrouszczelki.pl\/wp-content\/uploads\/2020\/02\/Pu-6-1-300x279.jpg 300w\" sizes=\"auto, (max-width: 439px) 100vw, 439px\" \/><figcaption class=\"wp-element-caption\">Pu &#8211; 6<\/figcaption><\/figure>\n\n\n\n<figure class=\"wp-block-image\"><img loading=\"lazy\" decoding=\"async\" width=\"586\" height=\"637\" data-id=\"303\" src=\"http:\/\/gastrouszczelki.pl\/wp-content\/uploads\/2020\/02\/Pu-7.jpg\" alt=\"\" class=\"wp-image-303\" srcset=\"https:\/\/gastrouszczelki.pl\/wp-content\/uploads\/2020\/02\/Pu-7.jpg 586w, https:\/\/gastrouszczelki.pl\/wp-content\/uploads\/2020\/02\/Pu-7-350x380.jpg 350w, https:\/\/gastrouszczelki.pl\/wp-content\/uploads\/2020\/02\/Pu-7-276x300.jpg 276w\" sizes=\"auto, (max-width: 586px) 100vw, 586px\" \/><figcaption class=\"wp-element-caption\">Pu &#8211; 7<\/figcaption><\/figure>\n\n\n\n<figure class=\"wp-block-image\"><img loading=\"lazy\" decoding=\"async\" width=\"679\" height=\"751\" data-id=\"306\" src=\"http:\/\/gastrouszczelki.pl\/wp-content\/uploads\/2020\/02\/Pu-8-1.jpg\" alt=\"\" class=\"wp-image-306\" srcset=\"https:\/\/gastrouszczelki.pl\/wp-content\/uploads\/2020\/02\/Pu-8-1.jpg 679w, https:\/\/gastrouszczelki.pl\/wp-content\/uploads\/2020\/02\/Pu-8-1-350x387.jpg 350w, https:\/\/gastrouszczelki.pl\/wp-content\/uploads\/2020\/02\/Pu-8-1-271x300.jpg 271w\" sizes=\"auto, (max-width: 679px) 100vw, 679px\" \/><figcaption class=\"wp-element-caption\">Pu &#8211; 8<\/figcaption><\/figure>\n<\/figure>\n\n\n\n<figure class=\"wp-block-gallery has-nested-images columns-4 wp-block-gallery-3 is-layout-flex wp-block-gallery-is-layout-flex\">\n<figure class=\"wp-block-image\"><img loading=\"lazy\" decoding=\"async\" width=\"529\" height=\"470\" data-id=\"535\" src=\"http:\/\/gastrouszczelki.pl\/wp-content\/uploads\/2020\/02\/Pu-9.jpg\" alt=\"\" class=\"wp-image-535\" srcset=\"https:\/\/gastrouszczelki.pl\/wp-content\/uploads\/2020\/02\/Pu-9.jpg 529w, https:\/\/gastrouszczelki.pl\/wp-content\/uploads\/2020\/02\/Pu-9-350x311.jpg 350w, https:\/\/gastrouszczelki.pl\/wp-content\/uploads\/2020\/02\/Pu-9-300x267.jpg 300w\" sizes=\"auto, (max-width: 529px) 100vw, 529px\" \/><figcaption class=\"wp-element-caption\">Pu &#8211; 9<\/figcaption><\/figure>\n\n\n\n<figure class=\"wp-block-image\"><img loading=\"lazy\" decoding=\"async\" width=\"510\" height=\"457\" data-id=\"536\" src=\"http:\/\/gastrouszczelki.pl\/wp-content\/uploads\/2020\/02\/PU-10.jpg\" alt=\"\" class=\"wp-image-536\" srcset=\"https:\/\/gastrouszczelki.pl\/wp-content\/uploads\/2020\/02\/PU-10.jpg 510w, https:\/\/gastrouszczelki.pl\/wp-content\/uploads\/2020\/02\/PU-10-350x314.jpg 350w, https:\/\/gastrouszczelki.pl\/wp-content\/uploads\/2020\/02\/PU-10-300x269.jpg 300w\" sizes=\"auto, (max-width: 510px) 100vw, 510px\" \/><figcaption class=\"wp-element-caption\">Pu &#8211; 10<\/figcaption><\/figure>\n\n\n\n<figure class=\"wp-block-image\"><img loading=\"lazy\" decoding=\"async\" width=\"513\" height=\"436\" data-id=\"537\" src=\"http:\/\/gastrouszczelki.pl\/wp-content\/uploads\/2020\/02\/Pu-11.jpg\" alt=\"\" class=\"wp-image-537\" srcset=\"https:\/\/gastrouszczelki.pl\/wp-content\/uploads\/2020\/02\/Pu-11.jpg 513w, https:\/\/gastrouszczelki.pl\/wp-content\/uploads\/2020\/02\/Pu-11-350x297.jpg 350w, https:\/\/gastrouszczelki.pl\/wp-content\/uploads\/2020\/02\/Pu-11-300x255.jpg 300w\" sizes=\"auto, (max-width: 513px) 100vw, 513px\" \/><figcaption class=\"wp-element-caption\">Pu &#8211; 11<\/figcaption><\/figure>\n\n\n\n<figure class=\"wp-block-image\"><img loading=\"lazy\" decoding=\"async\" width=\"211\" height=\"208\" data-id=\"554\" src=\"http:\/\/gastrouszczelki.pl\/wp-content\/uploads\/2020\/02\/Pu-12-2.jpg\" alt=\"\" class=\"wp-image-554\" srcset=\"https:\/\/gastrouszczelki.pl\/wp-content\/uploads\/2020\/02\/Pu-12-2.jpg 211w, https:\/\/gastrouszczelki.pl\/wp-content\/uploads\/2020\/02\/Pu-12-2-100x100.jpg 100w\" sizes=\"auto, (max-width: 211px) 100vw, 211px\" \/><figcaption class=\"wp-element-caption\">Pu &#8211; 12<\/figcaption><\/figure>\n<\/figure>\n\n\n\n<p class=\"has-large-font-size\">Uszczelki gumowe<\/p>\n\n\n\n<ul class=\"wp-block-list\">\n<li>Zakres pracy od -40 do +125 stopni C<\/li>\n\n\n\n<li>Kolor czarny<\/li>\n<\/ul>\n\n\n\n<figure class=\"wp-block-gallery has-nested-images columns-4 wp-block-gallery-4 is-layout-flex wp-block-gallery-is-layout-flex\">\n<figure class=\"wp-block-image\"><img loading=\"lazy\" decoding=\"async\" width=\"314\" height=\"322\" data-id=\"273\" src=\"http:\/\/gastrouszczelki.pl\/wp-content\/uploads\/2020\/02\/Gu-1.jpg\" alt=\"\" class=\"wp-image-273\" srcset=\"https:\/\/gastrouszczelki.pl\/wp-content\/uploads\/2020\/02\/Gu-1.jpg 314w, https:\/\/gastrouszczelki.pl\/wp-content\/uploads\/2020\/02\/Gu-1-293x300.jpg 293w\" sizes=\"auto, (max-width: 314px) 100vw, 314px\" \/><figcaption class=\"wp-element-caption\">Gu &#8211; 1<\/figcaption><\/figure>\n\n\n\n<figure class=\"wp-block-image\"><img loading=\"lazy\" decoding=\"async\" width=\"312\" height=\"330\" data-id=\"274\" src=\"http:\/\/gastrouszczelki.pl\/wp-content\/uploads\/2020\/02\/Gu-2.jpg\" alt=\"\" class=\"wp-image-274\" srcset=\"https:\/\/gastrouszczelki.pl\/wp-content\/uploads\/2020\/02\/Gu-2.jpg 312w, https:\/\/gastrouszczelki.pl\/wp-content\/uploads\/2020\/02\/Gu-2-284x300.jpg 284w\" sizes=\"auto, (max-width: 312px) 100vw, 312px\" \/><figcaption class=\"wp-element-caption\">Gu &#8211; 2<\/figcaption><\/figure>\n\n\n\n<figure class=\"wp-block-image\"><img loading=\"lazy\" decoding=\"async\" width=\"310\" height=\"328\" data-id=\"275\" src=\"http:\/\/gastrouszczelki.pl\/wp-content\/uploads\/2020\/02\/Gu-3.jpg\" alt=\"\" class=\"wp-image-275\" srcset=\"https:\/\/gastrouszczelki.pl\/wp-content\/uploads\/2020\/02\/Gu-3.jpg 310w, https:\/\/gastrouszczelki.pl\/wp-content\/uploads\/2020\/02\/Gu-3-284x300.jpg 284w\" sizes=\"auto, (max-width: 310px) 100vw, 310px\" \/><figcaption class=\"wp-element-caption\">Gu &#8211; 3<\/figcaption><\/figure>\n\n\n\n<figure class=\"wp-block-image\"><img loading=\"lazy\" decoding=\"async\" width=\"320\" height=\"328\" data-id=\"276\" src=\"http:\/\/gastrouszczelki.pl\/wp-content\/uploads\/2020\/02\/Gu-4.jpg\" alt=\"\" class=\"wp-image-276\" srcset=\"https:\/\/gastrouszczelki.pl\/wp-content\/uploads\/2020\/02\/Gu-4.jpg 320w, https:\/\/gastrouszczelki.pl\/wp-content\/uploads\/2020\/02\/Gu-4-293x300.jpg 293w\" sizes=\"auto, (max-width: 320px) 100vw, 320px\" \/><figcaption class=\"wp-element-caption\">Gu &#8211; 4<\/figcaption><\/figure>\n<\/figure>\n\n\n\n<p class=\"has-large-font-size\">Uszczelki sylikonowe<\/p>\n\n\n\n<ul class=\"wp-block-list\">\n<li>Zakres pracy od -60 do +250 stopni C<\/li>\n\n\n\n<li>Znakomita odporno\u015b\u0107 na starzenie<\/li>\n<\/ul>\n\n\n\n<figure class=\"wp-block-gallery has-nested-images columns-4 wp-block-gallery-5 is-layout-flex wp-block-gallery-is-layout-flex\">\n<figure class=\"wp-block-image\"><img loading=\"lazy\" decoding=\"async\" width=\"452\" height=\"440\" data-id=\"309\" src=\"http:\/\/gastrouszczelki.pl\/wp-content\/uploads\/2020\/02\/Su-1-1.jpg\" alt=\"\" class=\"wp-image-309\" srcset=\"https:\/\/gastrouszczelki.pl\/wp-content\/uploads\/2020\/02\/Su-1-1.jpg 452w, https:\/\/gastrouszczelki.pl\/wp-content\/uploads\/2020\/02\/Su-1-1-350x341.jpg 350w, https:\/\/gastrouszczelki.pl\/wp-content\/uploads\/2020\/02\/Su-1-1-300x292.jpg 300w\" sizes=\"auto, (max-width: 452px) 100vw, 452px\" \/><figcaption class=\"wp-element-caption\">Su &#8211; 1<\/figcaption><\/figure>\n\n\n\n<figure class=\"wp-block-image\"><img loading=\"lazy\" decoding=\"async\" width=\"377\" height=\"371\" data-id=\"288\" src=\"http:\/\/gastrouszczelki.pl\/wp-content\/uploads\/2020\/02\/Su-2-1.jpg\" alt=\"\" class=\"wp-image-288\" srcset=\"https:\/\/gastrouszczelki.pl\/wp-content\/uploads\/2020\/02\/Su-2-1.jpg 377w, https:\/\/gastrouszczelki.pl\/wp-content\/uploads\/2020\/02\/Su-2-1-350x344.jpg 350w, https:\/\/gastrouszczelki.pl\/wp-content\/uploads\/2020\/02\/Su-2-1-300x295.jpg 300w\" sizes=\"auto, (max-width: 377px) 100vw, 377px\" \/><figcaption class=\"wp-element-caption\">Su &#8211; 2<\/figcaption><\/figure>\n\n\n\n<figure class=\"wp-block-image\"><img loading=\"lazy\" decoding=\"async\" width=\"711\" height=\"704\" data-id=\"509\" src=\"http:\/\/gastrouszczelki.pl\/wp-content\/uploads\/2020\/02\/Su-3-1.jpg\" alt=\"\" class=\"wp-image-509\" srcset=\"https:\/\/gastrouszczelki.pl\/wp-content\/uploads\/2020\/02\/Su-3-1.jpg 711w, https:\/\/gastrouszczelki.pl\/wp-content\/uploads\/2020\/02\/Su-3-1-100x100.jpg 100w, https:\/\/gastrouszczelki.pl\/wp-content\/uploads\/2020\/02\/Su-3-1-350x347.jpg 350w, https:\/\/gastrouszczelki.pl\/wp-content\/uploads\/2020\/02\/Su-3-1-150x150.jpg 150w, https:\/\/gastrouszczelki.pl\/wp-content\/uploads\/2020\/02\/Su-3-1-300x297.jpg 300w\" sizes=\"auto, (max-width: 711px) 100vw, 711px\" \/><figcaption class=\"wp-element-caption\">Su &#8211; 3<\/figcaption><\/figure>\n\n\n\n<figure class=\"wp-block-image\"><img loading=\"lazy\" decoding=\"async\" width=\"559\" height=\"559\" data-id=\"283\" src=\"http:\/\/gastrouszczelki.pl\/wp-content\/uploads\/2020\/02\/Su-4.jpg\" alt=\"\" class=\"wp-image-283\" srcset=\"https:\/\/gastrouszczelki.pl\/wp-content\/uploads\/2020\/02\/Su-4.jpg 559w, https:\/\/gastrouszczelki.pl\/wp-content\/uploads\/2020\/02\/Su-4-250x250.jpg 250w, https:\/\/gastrouszczelki.pl\/wp-content\/uploads\/2020\/02\/Su-4-100x100.jpg 100w, https:\/\/gastrouszczelki.pl\/wp-content\/uploads\/2020\/02\/Su-4-350x350.jpg 350w, https:\/\/gastrouszczelki.pl\/wp-content\/uploads\/2020\/02\/Su-4-150x150.jpg 150w, https:\/\/gastrouszczelki.pl\/wp-content\/uploads\/2020\/02\/Su-4-300x300.jpg 300w\" sizes=\"auto, (max-width: 559px) 100vw, 559px\" \/><figcaption class=\"wp-element-caption\">Su &#8211; 4<\/figcaption><\/figure>\n<\/figure>\n","protected":false},"excerpt":{"rendered":"<p>Uszczelki PVC z elastomerem Uszczelki gumowe Uszczelki sylikonowe<\/p>\n","protected":false},"author":1,"featured_media":0,"parent":0,"menu_order":0,"comment_status":"closed","ping_status":"closed","template":"","meta":{"footnotes":""},"class_list":["post-174","page","type-page","status-publish","hentry"],"_links":{"self":[{"href":"https:\/\/gastrouszczelki.pl\/index.php\/wp-json\/wp\/v2\/pages\/174","targetHints":{"allow":["GET"]}}],"collection":[{"href":"https:\/\/gastrouszczelki.pl\/index.php\/wp-json\/wp\/v2\/pages"}],"about":[{"href":"https:\/\/gastrouszczelki.pl\/index.php\/wp-json\/wp\/v2\/types\/page"}],"author":[{"embeddable":true,"href":"https:\/\/gastrouszczelki.pl\/index.php\/wp-json\/wp\/v2\/users\/1"}],"replies":[{"embeddable":true,"href":"https:\/\/gastrouszczelki.pl\/index.php\/wp-json\/wp\/v2\/comments?post=174"}],"version-history":[{"count":31,"href":"https:\/\/gastrouszczelki.pl\/index.php\/wp-json\/wp\/v2\/pages\/174\/revisions"}],"predecessor-version":[{"id":1023,"href":"https:\/\/gastrouszczelki.pl\/index.php\/wp-json\/wp\/v2\/pages\/174\/revisions\/1023"}],"wp:attachment":[{"href":"https:\/\/gastrouszczelki.pl\/index.php\/wp-json\/wp\/v2\/media?parent=174"}],"curies":[{"name":"wp","href":"https:\/\/api.w.org\/{rel}","templated":true}]}}