{"id":1389,"date":"2024-11-19T18:06:25","date_gmt":"2024-11-19T17:06:25","guid":{"rendered":"https:\/\/gastrouszczelki.pl\/?page_id=1389"},"modified":"2024-11-19T18:28:24","modified_gmt":"2024-11-19T17:28:24","slug":"zestaw-probek","status":"publish","type":"page","link":"https:\/\/gastrouszczelki.pl\/index.php\/zestaw-probek\/","title":{"rendered":"Zestaw pr\u00f3bek"},"content":{"rendered":"\n<p>Zestaw 8 pr\u00f3bek uszczelek Af-1 do Af-9 (opr\u00f3cz Af-8) d\u0142ugo\u015b\u0107 oko\u0142o 5 cm ka\u017cda<\/p>\n\n\n\n<figure class=\"wp-block-image size-full is-resized\"><img loading=\"lazy\" decoding=\"async\" width=\"2560\" height=\"893\" src=\"https:\/\/gastrouszczelki.pl\/wp-content\/uploads\/2024\/11\/20210108_093922AAA-scaled.jpg\" alt=\"\" class=\"wp-image-1390\" style=\"width:459px;height:auto\" srcset=\"https:\/\/gastrouszczelki.pl\/wp-content\/uploads\/2024\/11\/20210108_093922AAA-scaled.jpg 2560w, https:\/\/gastrouszczelki.pl\/wp-content\/uploads\/2024\/11\/20210108_093922AAA-300x105.jpg 300w, https:\/\/gastrouszczelki.pl\/wp-content\/uploads\/2024\/11\/20210108_093922AAA-1024x357.jpg 1024w, https:\/\/gastrouszczelki.pl\/wp-content\/uploads\/2024\/11\/20210108_093922AAA-768x268.jpg 768w, https:\/\/gastrouszczelki.pl\/wp-content\/uploads\/2024\/11\/20210108_093922AAA-1536x536.jpg 1536w, https:\/\/gastrouszczelki.pl\/wp-content\/uploads\/2024\/11\/20210108_093922AAA-2048x714.jpg 2048w\" sizes=\"auto, (max-width: 767px) 89vw, (max-width: 1000px) 54vw, (max-width: 1071px) 543px, 580px\" \/><\/figure>\n\n\n\n<hr class=\"wp-block-separator has-css-opacity\"\/>\n\n\n\n<div class=\"wp-block-columns is-layout-flex wp-container-core-columns-is-layout-9d6595d7 wp-block-columns-is-layout-flex\">\n<div class=\"wp-block-column is-vertically-aligned-bottom is-layout-flow wp-block-column-is-layout-flow\">\n<p class=\"has-text-align-center\">Zestaw pr\u00f3bek<br><strong><mark style=\"background-color:rgba(0, 0, 0, 0)\" class=\"has-inline-color has-vivid-cyan-blue-color\">1 z\u0142 brutto \/ kpl<\/mark><\/strong><\/p>\n<\/div>\n\n\n\n<div class=\"wp-block-column is-vertically-aligned-top is-layout-flow wp-block-column-is-layout-flow\">\n<div class=\"wp-block-buttons is-content-justification-center is-layout-flex wp-container-core-buttons-is-layout-5e6b19ed wp-block-buttons-is-layout-flex\">\n<div class=\"wp-block-button is-style-outline is-style-outline--1\"><a class=\"wp-block-button__link has-vivid-cyan-blue-color has-text-color wp-element-button\" href=\"https:\/\/1ct.eu\/DeXKv\"><strong>do koszyka<\/strong><\/a><\/div>\n<\/div>\n<\/div>\n<\/div>\n","protected":false},"excerpt":{"rendered":"<p>Zestaw 8 pr\u00f3bek uszczelek Af-1 do Af-9 (opr\u00f3cz Af-8) d\u0142ugo\u015b\u0107 oko\u0142o 5 cm ka\u017cda Zestaw pr\u00f3bek1 z\u0142 brutto \/ kpl<\/p>\n","protected":false},"author":1,"featured_media":0,"parent":0,"menu_order":0,"comment_status":"closed","ping_status":"closed","template":"","meta":{"footnotes":""},"class_list":["post-1389","page","type-page","status-publish","hentry"],"_links":{"self":[{"href":"https:\/\/gastrouszczelki.pl\/index.php\/wp-json\/wp\/v2\/pages\/1389","targetHints":{"allow":["GET"]}}],"collection":[{"href":"https:\/\/gastrouszczelki.pl\/index.php\/wp-json\/wp\/v2\/pages"}],"about":[{"href":"https:\/\/gastrouszczelki.pl\/index.php\/wp-json\/wp\/v2\/types\/page"}],"author":[{"embeddable":true,"href":"https:\/\/gastrouszczelki.pl\/index.php\/wp-json\/wp\/v2\/users\/1"}],"replies":[{"embeddable":true,"href":"https:\/\/gastrouszczelki.pl\/index.php\/wp-json\/wp\/v2\/comments?post=1389"}],"version-history":[{"count":6,"href":"https:\/\/gastrouszczelki.pl\/index.php\/wp-json\/wp\/v2\/pages\/1389\/revisions"}],"predecessor-version":[{"id":1405,"href":"https:\/\/gastrouszczelki.pl\/index.php\/wp-json\/wp\/v2\/pages\/1389\/revisions\/1405"}],"wp:attachment":[{"href":"https:\/\/gastrouszczelki.pl\/index.php\/wp-json\/wp\/v2\/media?parent=1389"}],"curies":[{"name":"wp","href":"https:\/\/api.w.org\/{rel}","templated":true}]}}